{"id":390,"date":"2018-02-19T10:11:33","date_gmt":"2018-02-19T10:11:33","guid":{"rendered":"http:\/\/haar.edge-themes.com\/?page_id=390"},"modified":"2025-08-15T02:35:18","modified_gmt":"2025-08-15T00:35:18","slug":"contacto","status":"publish","type":"page","link":"https:\/\/www.pa-ta-ta.com\/index.php\/contacto\/","title":{"rendered":"CONTACTO"},"content":{"rendered":"<div class=\"wpb-content-wrapper\"><p>[vc_section][vc_row parallax_background_image=\u00bb1043&#8243; parallax_bg_speed=\u00bb0&#8243;][vc_column][vc_row_inner][vc_column_inner]<h1 class=\"edgtf-custom-font-holder  edgtf-cf-4848 edgtf-cf-has-type-out \" style=\"font-size: 120px;line-height: 131px;text-align: left;color: #434145\" data-item-class=\"edgtf-cf-4848\" data-font-size-680=\"60px\" data-line-height-680=\"71px\">\n\tCON <span class=\"edgtf-cf-typed-wrap\" style=\"color: #7C28F0\"><span class=\"edgtf-cf-typed\"><span class=\"edgtf-cf-typed-1\">TACTO<\/span><\/span><\/span><br \/><\/h1>[\/vc_column_inner][\/vc_row_inner][\/vc_column][\/vc_row][vc_row content_text_aligment=\u00bbright\u00bb css=\u00bb.vc_custom_1751073216139{background-position: 0 0 !important;background-repeat: repeat !important;}\u00bb][vc_column css=\u00bb.vc_custom_1751073437769{background-position: center !important;background-repeat: no-repeat !important;background-size: contain !important;}\u00bb][vc_column_text css=\u00bb.vc_custom_1751113744139{padding-bottom: 17px !important;}\u00bb]<\/p>\n<h4 style=\"text-align: left;\"><span style=\"font-size: 24pt;\"><strong>CONTACTOS<\/strong><\/span><\/h4>\n<p>[\/vc_column_text][vc_column_text css=\u00bb.vc_custom_1751881574623{padding-bottom: 17px !important;}\u00bb]<\/p>\n<p style=\"text-align: left;\"><strong><span style=\"font-size: 14pt; color: #434145;\">SEDE PA-TA-TA FESTIVAL<\/span><\/strong><\/p>\n<p style=\"text-align: left;\"><span style=\"font-size: 14pt; color: #7c28f0;\">La Ampliadora | Escuela Social de Fotograf\u00eda<\/span><\/p>\n<p style=\"text-align: left;\"><span style=\"font-size: 14pt; color: #434145;\">Calle Ver\u00f3nica de la Magdalena, 31 bajo\u00a0 \u00a0<\/span><span style=\"font-size: 14pt; color: #434145;\">18002 Granada (Espa\u00f1a)\u00a0 \u00a0<\/span><span style=\"font-size: 14pt; color: #434145;\">(+34) 958 25 34 94\u00a0<span style=\"color: #7c28f0;\"> \u00a0<\/span><\/span><span style=\"font-size: 14pt; color: #7c28f0;\">info@pa-ta-ta.com<\/span><\/p>\n<p>[\/vc_column_text][vc_column_text css=\u00bb.vc_custom_1751978609161{padding-bottom: 17px !important;}\u00bb]<\/p>\n<p style=\"text-align: left;\"><strong><span style=\"font-size: 14pt; color: #434145;\">PRENSA<\/span><\/strong><\/p>\n<p style=\"text-align: left;\"><span style=\"font-size: 14pt; color: #434145;\">Nerea Larrinaga Bidegain\u00a0 \u00a0<\/span><span style=\"font-size: 14pt; color: #434145;\">(+34) 695 03 14 18\u00a0 \u00a0<\/span><span style=\"font-size: 14pt; color: #7c28f0;\">prensapatata@gmail.com<\/span><\/p>\n<p>[\/vc_column_text][vc_column_text css=\u00bb.vc_custom_1751881599341{padding-bottom: 17px !important;}\u00bb]<\/p>\n<p style=\"text-align: left;\"><strong><span style=\"font-size: 14pt; color: #434145;\">PRODUCCI\u00d3N<\/span><\/strong><\/p>\n<p style=\"text-align: left;\"><span style=\"font-size: 14pt; color: #434145;\">Mar\u00eda Mart\u00edn Bola\u00f1os\u00a0 \u00a0<\/span><span style=\"font-size: 14pt; color: #434145;\">(+34) 691 419 491\u00a0 <span style=\"color: #7c28f0;\">\u00a0<\/span><\/span><span style=\"font-size: 14pt; color: #7c28f0;\">maria@pa-ta-ta.com<\/span><\/p>\n<p>[\/vc_column_text][vc_column_text css=\u00bb.vc_custom_1751881612325{padding-bottom: 17px !important;}\u00bb]<\/p>\n<p style=\"text-align: left;\"><span style=\"font-size: 14pt; color: #434145;\"><strong>DIRECCI\u00d3N<\/strong> <\/span><\/p>\n<p style=\"text-align: left;\"><span style=\"font-size: 14pt; color: #434145;\">Cecilio Puertas Herrera\u00a0 \u00a0<\/span><span style=\"font-size: 14pt; color: #434145;\">(+34) 620 105 714\u00a0 <span style=\"color: #7c28f0;\">\u00a0<\/span><\/span><span style=\"font-size: 14pt; color: #7c28f0;\">cecilio@pa-ta-ta.com<\/span><\/p>\n<p>[\/vc_column_text][vc_column_text css=\u00bb.vc_custom_1751113753163{padding-bottom: 17px !important;}\u00bb]<\/p>\n<h4 style=\"text-align: left;\"><span style=\"font-size: 24pt;\"><strong>\u00bfQU\u00c9 NECESITAS?<\/strong><\/span><\/h4>\n<p>[\/vc_column_text]\n<div class=\"wpcf7 no-js\" id=\"wpcf7-f437-o1\" lang=\"en-US\" dir=\"ltr\" data-wpcf7-id=\"437\">\n<div class=\"screen-reader-response\"><p role=\"status\" aria-live=\"polite\" aria-atomic=\"true\"><\/p> <ul><\/ul><\/div>\n<form action=\"\/index.php\/wp-json\/wp\/v2\/pages\/390#wpcf7-f437-o1\" method=\"post\" class=\"wpcf7-form init cf7_custom_style_1\" aria-label=\"Contact form\" novalidate=\"novalidate\" data-status=\"init\">\n<fieldset class=\"hidden-fields-container\"><input type=\"hidden\" name=\"_wpcf7\" value=\"437\" \/><input type=\"hidden\" name=\"_wpcf7_version\" value=\"6.1.5\" \/><input type=\"hidden\" name=\"_wpcf7_locale\" value=\"en_US\" \/><input type=\"hidden\" name=\"_wpcf7_unit_tag\" value=\"wpcf7-f437-o1\" \/><input type=\"hidden\" name=\"_wpcf7_container_post\" value=\"0\" \/><input type=\"hidden\" name=\"_wpcf7_posted_data_hash\" value=\"\" \/>\n<\/fieldset>\n<div class=\"edgtf-grid-row edgtf-grid-small-gutter\">\n<div class=\"edgtf-grid-col-6\">\n\t<span class=\"wpcf7-form-control-wrap\" data-name=\"your-name\"><input size=\"40\" maxlength=\"400\" class=\"wpcf7-form-control wpcf7-text wpcf7-validates-as-required\" autocomplete=\"name\" aria-required=\"true\" aria-invalid=\"false\" placeholder=\"Nombre\" value=\"\" type=\"text\" name=\"your-name\" \/><\/span>\n<\/div>\n<div class=\"edgtf-grid-col-6\">\n\t<span class=\"wpcf7-form-control-wrap\" data-name=\"your-email\"><input size=\"40\" maxlength=\"400\" class=\"wpcf7-form-control wpcf7-email wpcf7-validates-as-required wpcf7-text wpcf7-validates-as-email\" autocomplete=\"email\" aria-required=\"true\" aria-invalid=\"false\" placeholder=\"email\" value=\"\" type=\"email\" name=\"your-email\" \/><\/span>\n<\/div>\n<div class=\"edgtf-grid-col-12\">\n\t<span class=\"wpcf7-form-control-wrap\" data-name=\"your-subject\"><input size=\"40\" maxlength=\"400\" class=\"wpcf7-form-control wpcf7-text wpcf7-validates-as-required\" aria-required=\"true\" aria-invalid=\"false\" placeholder=\"Asunto\" value=\"\" type=\"text\" name=\"your-subject\" \/><\/span>\n<\/div>\n<div class=\"edgtf-grid-col-12\">\n\t<span class=\"wpcf7-form-control-wrap\" data-name=\"your-message\"><textarea cols=\"40\" rows=\"10\" maxlength=\"2000\" class=\"wpcf7-form-control wpcf7-textarea\" aria-invalid=\"false\" placeholder=\"Escribe un mensaje...\" name=\"your-message\"><\/textarea><\/span>\n<\/div>\n<\/div>\n\t\n<input class=\"wpcf7-form-control wpcf7-submit has-spinner\" type=\"submit\" value=\"Send\" \/><div class=\"wpcf7-response-output\" aria-hidden=\"true\"><\/div>\n<\/form>\n<\/div>\n[\/vc_column][\/vc_row][\/vc_section][vc_row][vc_column][vc_empty_space height=\u00bb100px\u00bb][\/vc_column][\/vc_row][vc_section][vc_row][vc_column]<div class=\"edgtf-elements-holder   edgtf-one-column  edgtf-responsive-mode-768 \" ><div class=\"edgtf-eh-item   edgtf-horizontal-alignment-center \"  data-item-class=\"edgtf-eh-custom-3001\" data-1280-1600=\"116px 0% 46px 0%\" data-1024-1280=\"100px 0% 46px 0%\" data-768-1024=\"111px 0% 46px 0%\" data-680-768=\"106px 0% 46px 0%\" data-680=\"63px 0% 46px 0%\">\n\t<div class=\"edgtf-eh-item-inner\">\n\t\t<div class=\"edgtf-eh-item-content edgtf-eh-custom-3001\" style=\"padding: 165px 0% 46px 0%\">\n\t\t\t    <span class=\"edgtf-icon-shortcode edgtf-normal   \" style=\"margin: 0px 20px 0px 0px\" data-hover-color=\"#7D28F0\" data-color=\"#7C28F0\">\n                    <a itemprop=\"url\" class=\"\" href=\"https:\/\/www.instagram.com\/pa_ta_ta_festival\/\" target=\"_blank\">\n                    <i class=\"edgtf-icon-ion-icon ion-social-instagram edgtf-icon-element\" style=\"color: #7C28F0;font-size:40px\" ><\/i>                    <\/a>\n            <\/span>\n    <span class=\"edgtf-icon-shortcode edgtf-normal   \" style=\"margin: 0px 20px 0px 0px\" data-hover-color=\"#7D28F0\" data-color=\"#7C28F0\">\n                    <a itemprop=\"url\" class=\"\" href=\"https:\/\/www.facebook.com\/patatafestival\/\" target=\"_blank\">\n                    <i class=\"edgtf-icon-ion-icon ion-social-facebook edgtf-icon-element\" style=\"color: #7C28F0;font-size:40px\" ><\/i>                    <\/a>\n            <\/span>\n\t\t<\/div>\n\t<\/div>\n<\/div><\/div>[\/vc_column][\/vc_row][\/vc_section]<\/p>\n<\/div>","protected":false},"excerpt":{"rendered":"<p>[vc_section][vc_row parallax_background_image=\u00bb1043&#8243; parallax_bg_speed=\u00bb0&#8243;][vc_column][vc_row_inner][vc_column_inner][\/vc_column_inner][\/vc_row_inner][\/vc_column][\/vc_row][vc_row content_text_aligment=\u00bbright\u00bb css=\u00bb.vc_custom_1751073216139{background-position: 0 0 !important;background-repeat: repeat !important;}\u00bb][vc_column [&hellip;]<\/p>\n","protected":false},"author":1,"featured_media":0,"parent":0,"menu_order":0,"comment_status":"closed","ping_status":"closed","template":"","meta":{"footnotes":""},"class_list":["post-390","page","type-page","status-publish","hentry"],"_links":{"self":[{"href":"https:\/\/www.pa-ta-ta.com\/index.php\/wp-json\/wp\/v2\/pages\/390","targetHints":{"allow":["GET"]}}],"collection":[{"href":"https:\/\/www.pa-ta-ta.com\/index.php\/wp-json\/wp\/v2\/pages"}],"about":[{"href":"https:\/\/www.pa-ta-ta.com\/index.php\/wp-json\/wp\/v2\/types\/page"}],"author":[{"embeddable":true,"href":"https:\/\/www.pa-ta-ta.com\/index.php\/wp-json\/wp\/v2\/users\/1"}],"replies":[{"embeddable":true,"href":"https:\/\/www.pa-ta-ta.com\/index.php\/wp-json\/wp\/v2\/comments?post=390"}],"version-history":[{"count":61,"href":"https:\/\/www.pa-ta-ta.com\/index.php\/wp-json\/wp\/v2\/pages\/390\/revisions"}],"predecessor-version":[{"id":17487,"href":"https:\/\/www.pa-ta-ta.com\/index.php\/wp-json\/wp\/v2\/pages\/390\/revisions\/17487"}],"wp:attachment":[{"href":"https:\/\/www.pa-ta-ta.com\/index.php\/wp-json\/wp\/v2\/media?parent=390"}],"curies":[{"name":"wp","href":"https:\/\/api.w.org\/{rel}","templated":true}]}}