{"id":17070,"date":"2025-07-04T19:44:19","date_gmt":"2025-07-04T17:44:19","guid":{"rendered":"https:\/\/www.pa-ta-ta.com\/?page_id=17070"},"modified":"2025-08-22T14:48:41","modified_gmt":"2025-08-22T12:48:41","slug":"convocatoria-fotografica","status":"publish","type":"page","link":"https:\/\/www.pa-ta-ta.com\/index.php\/convocatoria-fotografica\/","title":{"rendered":"CONVOCATORIA"},"content":{"rendered":"<div class=\"wpb-content-wrapper\"><p>[vc_section][vc_row parallax_background_image=\u00bb1043&#8243; parallax_bg_speed=\u00bb0&#8243;][vc_column]<div class=\"edgtf-elements-holder   edgtf-one-column  edgtf-responsive-mode-768 \" ><div class=\"edgtf-eh-item    \"  data-item-class=\"edgtf-eh-custom-2507\">\n\t<div class=\"edgtf-eh-item-inner\">\n\t\t<div class=\"edgtf-eh-item-content edgtf-eh-custom-2507\" >\n\t\t\t<h1 class=\"edgtf-custom-font-holder  edgtf-cf-1838 edgtf-cf-has-type-out \" style=\"font-size: 120px;line-height: 131px;text-align: left;color: #434145\" data-item-class=\"edgtf-cf-1838\" data-font-size-680=\"60px\" data-line-height-680=\"71px\">\n\tCONVOCA <span class=\"edgtf-cf-typed-wrap\" style=\"color: #7C28F0\"><span class=\"edgtf-cf-typed\"><span class=\"edgtf-cf-typed-1\">TORIA<\/span><\/span><\/span><br \/><\/h1>\t\t<\/div>\n\t<\/div>\n<\/div><\/div>[\/vc_column][\/vc_row][vc_row content_text_aligment=\u00bbright\u00bb css=\u00bb.vc_custom_1751073216139{background-position: 0 0 !important;background-repeat: repeat !important;}\u00bb][vc_column css=\u00bb.vc_custom_1751073437769{background-position: center !important;background-repeat: no-repeat !important;background-size: contain !important;}\u00bb]<div class=\"edgtf-elements-holder   edgtf-one-column  edgtf-responsive-mode-768 \" ><div class=\"edgtf-eh-item    \"  data-item-class=\"edgtf-eh-custom-6592\">\n\t<div class=\"edgtf-eh-item-inner\">\n\t\t<div class=\"edgtf-eh-item-content edgtf-eh-custom-6592\" >\n\t\t\t[vc_custom_heading text=\u00bbPREMIO \u00abFOTOGRAF\u00cdA CON IMPACTO SOCIAL\u00ab \/<br \/>\nFECHA L\u00cdMITE 4 AGOSTO 2025&#8243; font_container=\u00bbtag:h1|font_size:42|text_align:left|color:%237C28F0&#8243; use_theme_fonts=\u00bbyes\u00bb css=\u00bb\u00bb][vc_column_text css=\u00bb\u00bb]<\/p>\n<p style=\"text-align: left;\">La presente convocatoria tiene como objetivo la selecci\u00f3n de proyectos fotogr\u00e1ficos para optar al Premio \u00abFotograf\u00eda con Impacto Social\u00bb. Estos proyectos deber\u00e1n poner a las personas o la comunidad en el centro de algunas de sus fases de creaci\u00f3n, haci\u00e9ndolos protagonistas. Se valorar\u00e1n aquellas propuestas que aborden retos y temas sociales vinculados a los <a href=\"https:\/\/www.un.org\/sustainabledevelopment\/es\/objetivos-de-desarrollo-sostenible\/?utm_source=chatgpt.com\">Objetivos de Desarrollo Sostenible (ODS)<\/a> y que utilicen la fotograf\u00eda como herramienta de mediaci\u00f3n o transformaci\u00f3n social frente a la exclusi\u00f3n, los estigmas, la desigualdad, la despoblaci\u00f3n o la contaminaci\u00f3n.<\/p>\n<p>[\/vc_column_text]\t\t<\/div>\n\t<\/div>\n<\/div><\/div>[vc_empty_space height=\u00bb60px\u00bb][\/vc_column][\/vc_row][vc_row content_text_aligment=\u00bbright\u00bb css=\u00bb.vc_custom_1751073216139{background-position: 0 0 !important;background-repeat: repeat !important;}\u00bb][vc_column css=\u00bb.vc_custom_1751073437769{background-position: center !important;background-repeat: no-repeat !important;background-size: contain !important;}\u00bb][vc_column_text css=\u00bb\u00bb]<\/p>\n<p style=\"text-align: left;\"><span style=\"color: #7c28f0;\"><span style=\"font-size: 24pt;\">\u00bfQUI\u00c9N PUEDE PARTICIPAR?<\/span><\/span><\/p>\n<p>[\/vc_column_text][vc_column_text css=\u00bb\u00bb]<\/p>\n<p style=\"text-align: left;\">Podr\u00e1n presentarse artistas visuales y creadoras de cualquier nacionalidad, ya sea de manera individual o como colectivos, siempre que sean mayores de 18 a\u00f1os.<\/p>\n<p>[\/vc_column_text][vc_empty_space height=\u00bb30px\u00bb][\/vc_column][\/vc_row][vc_row content_text_aligment=\u00bbright\u00bb css=\u00bb.vc_custom_1751073216139{background-position: 0 0 !important;background-repeat: repeat !important;}\u00bb][vc_column css=\u00bb.vc_custom_1751073437769{background-position: center !important;background-repeat: no-repeat !important;background-size: contain !important;}\u00bb][vc_column_text css=\u00bb\u00bb]<\/p>\n<p style=\"text-align: left;\"><span style=\"color: #7c28f0;\"><span style=\"font-size: 24pt;\">\u00bfCU\u00c1LES SON LAS FECHAS CLAVE?<\/span><\/span><\/p>\n<p>[\/vc_column_text][vc_column_text css=\u00bb\u00bb]<\/p>\n<p style=\"text-align: left;\">&#8211; Apertura de convocatoria: <strong>5 de julio de 2025<\/strong><\/p>\n<p style=\"text-align: left;\">&#8211; Cierre de convocatoria: <strong>4 de agosto<\/strong><\/p>\n<p style=\"text-align: left;\">&#8211; Anuncio de proyectos seleccionados: <strong>14 de agosto de 2025<\/strong><\/p>\n<p style=\"text-align: left;\">&#8211; Estancia en Granada: <strong>del jueves 9 al s\u00e1bado 11 de octubre de 2025<\/strong><\/p>\n<p style=\"text-align: left;\">&#8211; Gala y entrega de premio: <strong>9 de octubre<\/strong><\/p>\n<p style=\"text-align: left;\">&#8211; Visita guiada a las intervenciones expositivas: <strong>10 de octubre<\/strong><\/p>\n<p>[\/vc_column_text][vc_empty_space height=\u00bb30px\u00bb][\/vc_column][\/vc_row][vc_row content_text_aligment=\u00bbright\u00bb css=\u00bb.vc_custom_1751073216139{background-position: 0 0 !important;background-repeat: repeat !important;}\u00bb][vc_column css=\u00bb.vc_custom_1751073437769{background-position: center !important;background-repeat: no-repeat !important;background-size: contain !important;}\u00bb][vc_column_text css=\u00bb\u00bb]<\/p>\n<p style=\"text-align: left;\"><span style=\"color: #7c28f0;\"><span style=\"font-size: 24pt;\">\u00bfQU\u00c9 HAY QUE PRESENTAR?<\/span><\/span><\/p>\n<p>[\/vc_column_text][vc_column_text css=\u00bb\u00bb]<\/p>\n<p style=\"text-align: left;\">Las personas interesadas deber\u00e1n presentar:<\/p>\n<p>&nbsp;<\/p>\n<p style=\"text-align: left;\">&#8211; DOCUMENTO en formato PDF (m\u00e1ximo 1Mb) que incluya:<\/p>\n<p style=\"padding-left: 40px; text-align: left;\"><strong>&#8211; Biograf\u00eda<\/strong> de la autora, autor o colectivo (m\u00e1ximo 1000 caracteres con espacios)<br \/>\n<strong>&#8211; Breve descripci\u00f3n conceptual del proyecto<\/strong> (m\u00e1ximo 1000 caracteres con espacios)<br \/>\n<strong>&#8211; Justificaci\u00f3n social:<\/strong> vinculaci\u00f3n con alguno de los Objetivos de Desarrollo Sostenible, explicaci\u00f3n del nivel de participaci\u00f3n de la comunidad o las personas vinculadas en el proyecto y su impacto social (m\u00e1ximo 1500 caracteres con espacios)<br \/>\n<strong>&#8211; Declaraci\u00f3n de autor\u00eda<\/strong> garantizando que la obra es original y que posee todos los derechos sobre ella<\/p>\n<p>&nbsp;<\/p>\n<p style=\"text-align: left;\">&#8211; MUESTRA VISUAL que incluya: un m\u00e1ximo de 13 fotograf\u00edas del proyecto (2000 p\u00edxeles por el lado m\u00e1s ancho y comprimidas en .jpg)<\/p>\n<p>&nbsp;<\/p>\n<p style=\"text-align: left;\">El DOCUMENTO y la MUESTRA VISUAL deber\u00e1n enviarse en un \u00fanico archivo ZIP (m\u00e1ximo 20Mb) a trav\u00e9s del formulario habilitado en la web del festival que se encuentra al final de esta p\u00e1gina.<\/p>\n<p>[\/vc_column_text][vc_empty_space height=\u00bb30px\u00bb][\/vc_column][\/vc_row][vc_row content_text_aligment=\u00bbright\u00bb css=\u00bb.vc_custom_1751073216139{background-position: 0 0 !important;background-repeat: repeat !important;}\u00bb][vc_column css=\u00bb.vc_custom_1751073437769{background-position: center !important;background-repeat: no-repeat !important;background-size: contain !important;}\u00bb][vc_column_text css=\u00bb\u00bb]<\/p>\n<p style=\"text-align: left;\"><span style=\"color: #7c28f0;\"><span style=\"font-size: 24pt;\">\u00bfQU\u00c9 SE VALORA?<\/span><\/span><\/p>\n<p>[\/vc_column_text][vc_column_text css=\u00bb\u00bb]<\/p>\n<p style=\"text-align: left;\">Un jurado formado por profesionales del \u00e1mbito art\u00edstico, social y cultural seleccionar\u00e1 los proyectos en base a:<\/p>\n<p style=\"text-align: left; padding-left: 40px;\">&#8211; La calidad art\u00edstica y conceptual del proyecto<br \/>\n&#8211; Su adecuaci\u00f3n a los temas planteados<br \/>\n&#8211; La implicaci\u00f3n comunitaria en el proceso<br \/>\n&#8211; Su impacto social<\/p>\n<p>[\/vc_column_text][vc_empty_space height=\u00bb30px\u00bb][\/vc_column][\/vc_row][vc_row content_text_aligment=\u00bbright\u00bb css=\u00bb.vc_custom_1751073216139{background-position: 0 0 !important;background-repeat: repeat !important;}\u00bb][vc_column css=\u00bb.vc_custom_1751073437769{background-position: center !important;background-repeat: no-repeat !important;background-size: contain !important;}\u00bb][vc_column_text css=\u00bb\u00bb]<\/p>\n<p style=\"text-align: left;\"><span style=\"color: #7c28f0;\"><span style=\"font-size: 24pt;\">\u00bfQU\u00c9 PASA SI TU PROYECTO<strong> ES SELECCIONADO<\/strong>?<\/span><\/span><\/p>\n<p>[\/vc_column_text][vc_column_text css=\u00bb\u00bb]<\/p>\n<p style=\"text-align: left;\">Condiciones sobre el desarrollo del trabajo con los proyectos seleccionados:<\/p>\n<p>&nbsp;<\/p>\n<p style=\"text-align: left;\"><strong>ANTES DEL FESTIVAL:<\/strong><br \/>\n&#8211; Cada proyecto ser\u00e1 apadrinado por un distrito de la ciudad de Granada. El equipo del festival realizar\u00e1 un trabajo de mediaci\u00f3n y divulgaci\u00f3n con el vecindario del distrito que apadrina.<br \/>\n&#8211; El autor\/a o colectivo del proyecto seleccionado participar\u00e1 en una sesi\u00f3n online (en septiembre de 2025) para presentar su proyecto y conocer a las personas representantes del distrito que le apadrina.<\/p>\n<p>&nbsp;<\/p>\n<p style=\"text-align: left;\"><strong>DURANTE EL FESTIVAL:<\/strong><br \/>\n&#8211; Se realizar\u00e1 una intervenci\u00f3n expositiva en el espacio p\u00fablico de la ciudad de Granada, con gastos de montaje y difusi\u00f3n cubiertos por el festival, en la que se mostrar\u00e1 el proyecto seleccionado. Junto a la misma se exhibir\u00e1 el resultado del trabajo de mediaci\u00f3n y divulgaci\u00f3n realizado con el distrito que apadrina.<br \/>\n&#8211; Es necesaria la presencia en Granada de las autoras o autores de los proyectos seleccionados desde el jueves 9 al s\u00e1bado 11 de octubre.<br \/>\n&#8211; Participaci\u00f3n en la gala el 9 de octubre de 2025.<br \/>\n&#8211; Participaci\u00f3n en la visita guiada a las intervenciones expositivas el 10 de octubre de 2025.<\/p>\n<p>[\/vc_column_text][vc_empty_space height=\u00bb30px\u00bb][\/vc_column][\/vc_row][vc_row content_text_aligment=\u00bbright\u00bb css=\u00bb.vc_custom_1751073216139{background-position: 0 0 !important;background-repeat: repeat !important;}\u00bb][vc_column css=\u00bb.vc_custom_1751073437769{background-position: center !important;background-repeat: no-repeat !important;background-size: contain !important;}\u00bb][vc_column_text css=\u00bb\u00bb]<\/p>\n<p style=\"text-align: left;\"><span style=\"color: #7c28f0;\"><span style=\"font-size: 24pt;\">\u00bfQU\u00c9 PASA SI TU PROYECTO <strong>NO ES SELECCIONADO<\/strong>?<\/span><\/span><\/p>\n<p>[\/vc_column_text][vc_column_text css=\u00bb\u00bb]<\/p>\n<p style=\"text-align: left;\">La organizaci\u00f3n se reserva el derecho de invitar a las autoras o autores de los proyectos presentados a la convocatoria y no seleccionados para que formen parte de otras acciones que se desarrollen dentro del marco del festival.<\/p>\n<p>[\/vc_column_text][vc_empty_space height=\u00bb30px\u00bb][\/vc_column][\/vc_row][vc_row content_text_aligment=\u00bbright\u00bb css=\u00bb.vc_custom_1751073216139{background-position: 0 0 !important;background-repeat: repeat !important;}\u00bb][vc_column css=\u00bb.vc_custom_1751073437769{background-position: center !important;background-repeat: no-repeat !important;background-size: contain !important;}\u00bb][vc_column_text css=\u00bb\u00bb]<\/p>\n<p style=\"text-align: left;\"><span style=\"color: #7c28f0;\"><span style=\"font-size: 24pt;\">\u00bfCU\u00c1LES SON LOS HONORARIOS Y APORTACIONES?<\/span><\/span><\/p>\n<p>[\/vc_column_text][vc_column_text css=\u00bb\u00bb]<\/p>\n<p style=\"text-align: left;\"><strong>&#8211; Inclusi\u00f3n en los canales de difusi\u00f3n<\/strong> del festival y en los <strong>medios de comunicaci\u00f3n<\/strong> asociados<br \/>\n<strong>&#8211; Creaci\u00f3n de una intervenci\u00f3n expositiva<\/strong> en el espacio p\u00fablico con los gastos de producci\u00f3n, montaje y difusi\u00f3n cubiertos por el festival<br \/>\n<strong>&#8211; Participaci\u00f3n en la gala<\/strong> y entrega del Premio \u00abFotograf\u00eda con Impacto Social\u00bb<br \/>\n<strong>&#8211; Estancia, transporte y dietas<\/strong> cubiertas por el festival del 9 al 11 de octubre<br \/>\n<strong>&#8211; Honorarios de 100\u20ac<\/strong> <strong>por derechos de imagen<\/strong><br \/>\n<strong>&#8211; Honorarios de 150\u20ac por la sesi\u00f3n online<\/strong> con representantes del distrito que le apadrinan<br \/>\n<strong>&#8211; Honorarios de 150\u20ac por el desarrollo de la visita guiada<\/strong> a su intervenci\u00f3n expositiva<\/p>\n<p>[\/vc_column_text][vc_empty_space height=\u00bb30px\u00bb][\/vc_column][\/vc_row][vc_row content_text_aligment=\u00bbright\u00bb css=\u00bb.vc_custom_1751073216139{background-position: 0 0 !important;background-repeat: repeat !important;}\u00bb][vc_column css=\u00bb.vc_custom_1751073437769{background-position: center !important;background-repeat: no-repeat !important;background-size: contain !important;}\u00bb][vc_column_text css=\u00bb\u00bb]<\/p>\n<p style=\"text-align: left;\"><span style=\"color: #7c28f0;\"><span style=\"font-size: 24pt;\">\u00bfY EL <strong>PREMIO<\/strong>?<\/span><\/span><\/p>\n<p>[\/vc_column_text][vc_column_text css=\u00bb\u00bb]<\/p>\n<p style=\"text-align: left;\">Uno de los proyectos seleccionados ser\u00e1 galardonado con el <strong>Premio \u00abFotograf\u00eda con Impacto Social\u00bb, dotado con 2.000\u20ac<\/strong> como reconocimiento a su labor social y fotogr\u00e1fica.<\/p>\n<p style=\"text-align: left;\">La decisi\u00f3n se tomar\u00e1 a partir de una valoraci\u00f3n conjunta del p\u00fablico y del jurado profesional (50% + 50%).<\/p>\n<p style=\"text-align: left;\">El fallo se har\u00e1 p\u00fablico durante la gala del jueves 9 de octubre.<\/p>\n<p>[\/vc_column_text][vc_empty_space height=\u00bb30px\u00bb][\/vc_column][\/vc_row][vc_row content_text_aligment=\u00bbright\u00bb css=\u00bb.vc_custom_1751073216139{background-position: 0 0 !important;background-repeat: repeat !important;}\u00bb][vc_column css=\u00bb.vc_custom_1751073437769{background-position: center !important;background-repeat: no-repeat !important;background-size: contain !important;}\u00bb][vc_column_text css=\u00bb\u00bb]<\/p>\n<p style=\"text-align: left;\"><span style=\"color: #7c28f0;\"><span style=\"font-size: 24pt;\">\u00bfC\u00d3MO TRABAJAMOS LOS DERECHOS?<\/span><\/span><\/p>\n<p>[\/vc_column_text][vc_column_text css=\u00bb\u00bb]<\/p>\n<p style=\"text-align: left;\">Las autoras y autores conservar\u00e1n los derechos completos sobre su obra.<br \/>\nSe otorga a Pa-ta-ta Festival una cesi\u00f3n de los derechos de exhibici\u00f3n y difusi\u00f3n. La organizaci\u00f3n podr\u00e1 utilizar im\u00e1genes del proyecto con fines promocionales, siempre citando la autor\u00eda, en esta edici\u00f3n y a\u00f1os venideros.<\/p>\n<p>[\/vc_column_text][vc_empty_space height=\u00bb30px\u00bb][\/vc_column][\/vc_row][vc_row content_text_aligment=\u00bbright\u00bb css=\u00bb.vc_custom_1751073216139{background-position: 0 0 !important;background-repeat: repeat !important;}\u00bb][vc_column css=\u00bb.vc_custom_1751073437769{background-position: center !important;background-repeat: no-repeat !important;background-size: contain !important;}\u00bb][vc_column_text css=\u00bb\u00bb]<\/p>\n<p style=\"text-align: left;\"><span style=\"color: #7c28f0;\"><span style=\"font-size: 24pt;\">\u00bfQU\u00c9 IMPLICA LA PARTICIPACI\u00d3N?<\/span><\/span><\/p>\n<p>[\/vc_column_text][vc_column_text css=\u00bb\u00bb]<\/p>\n<p style=\"text-align: left;\">La participaci\u00f3n en esta convocatoria implica la aceptaci\u00f3n total de estas bases. Cualquier cuesti\u00f3n no prevista ser\u00e1 resuelta por la organizaci\u00f3n.<\/p>\n<p style=\"text-align: left;\">Aqu\u00ed tienes el formulario para tu participaci\u00f3n.<\/p>\n<p>[\/vc_column_text]\n<div class=\"wpcf7 no-js\" id=\"wpcf7-f2811-o1\" lang=\"en-US\" dir=\"ltr\" data-wpcf7-id=\"2811\">\n<div class=\"screen-reader-response\"><p role=\"status\" aria-live=\"polite\" aria-atomic=\"true\"><\/p> <ul><\/ul><\/div>\n<form action=\"\/index.php\/wp-json\/wp\/v2\/pages\/17070#wpcf7-f2811-o1\" method=\"post\" class=\"wpcf7-form init cf7_custom_style_1\" aria-label=\"Contact form\" enctype=\"multipart\/form-data\" novalidate=\"novalidate\" data-status=\"init\">\n<fieldset class=\"hidden-fields-container\"><input type=\"hidden\" name=\"_wpcf7\" value=\"2811\" \/><input type=\"hidden\" name=\"_wpcf7_version\" value=\"6.1.5\" \/><input type=\"hidden\" name=\"_wpcf7_locale\" value=\"en_US\" \/><input type=\"hidden\" name=\"_wpcf7_unit_tag\" value=\"wpcf7-f2811-o1\" \/><input type=\"hidden\" name=\"_wpcf7_container_post\" value=\"0\" \/><input type=\"hidden\" name=\"_wpcf7_posted_data_hash\" value=\"\" \/>\n<\/fieldset>\n<label> Nombre\n    <span class=\"wpcf7-form-control-wrap\" data-name=\"your-name\"><input size=\"40\" maxlength=\"400\" class=\"wpcf7-form-control wpcf7-text wpcf7-validates-as-required\" aria-required=\"true\" aria-invalid=\"false\" value=\"\" type=\"text\" name=\"your-name\" \/><\/span> <\/label>\n\n<label> Email\n    <span class=\"wpcf7-form-control-wrap\" data-name=\"your-email\"><input size=\"40\" maxlength=\"400\" class=\"wpcf7-form-control wpcf7-email wpcf7-validates-as-required wpcf7-text wpcf7-validates-as-email\" aria-required=\"true\" aria-invalid=\"false\" value=\"\" type=\"email\" name=\"your-email\" \/><\/span> <\/label>\n\n<label> Asunto\n    <span class=\"wpcf7-form-control-wrap\" data-name=\"your-subject\"><input size=\"40\" maxlength=\"400\" class=\"wpcf7-form-control wpcf7-text\" aria-invalid=\"false\" value=\"\" type=\"text\" name=\"your-subject\" \/><\/span> <\/label>\n\n<label> Observaciones\n    <span class=\"wpcf7-form-control-wrap\" data-name=\"your-message\"><textarea cols=\"40\" rows=\"10\" maxlength=\"2000\" class=\"wpcf7-form-control wpcf7-textarea\" aria-invalid=\"false\" name=\"your-message\"><\/textarea><\/span> <\/label>\n\n<label> Ficheros adjuntos\n    <span class=\"wpcf7-form-control-wrap\" data-name=\"file-793\"><input size=\"40\" class=\"wpcf7-form-control wpcf7-file\" accept=\"image\/*,.txt,application\/pdf,.zip\" aria-invalid=\"false\" type=\"file\" name=\"file-793\" \/><\/span> <\/label>\n\n<input class=\"wpcf7-form-control wpcf7-submit has-spinner\" type=\"submit\" value=\"Send\" \/><div class=\"wpcf7-response-output\" aria-hidden=\"true\"><\/div>\n<\/form>\n<\/div>\n[\/vc_column][\/vc_row][\/vc_section][vc_section][vc_row css=\u00bb.vc_custom_1519054026659{padding-top: 105px !important;padding-bottom: 105px !important;}\u00bb][vc_column]<div class=\"edgtf-clients-carousel-holder edgtf-cc-hover-roll-over\">\n\t<div class=\"edgtf-cc-inner edgtf-owl-slider\" data-number-of-items=\"6\" data-enable-loop=\"yes\" data-enable-autoplay=\"yes\" data-slider-speed=\"1500\" data-slider-speed-animation=\"600\" data-enable-navigation=\"no\" data-enable-pagination=\"yes\">\n\t\t<div class=\"edgtf-cc-item\">\n\t\t\t<a itemprop=\"url\" class=\"edgtf-cc-link edgtf-block-drag-link\" href=\"https:\/\/www.laampliadora.org\/\" target=\"_blank\">\n\t\t\t\t\t\t<img decoding=\"async\" itemprop=\"image\" class=\"edgtf-cc-image\" src=\"https:\/\/www.pa-ta-ta.com\/wp-content\/uploads\/2025\/06\/25-06-26-Logos-web-VIOLETA2.png\" alt=\"\" \/>\n\t\t\t\t\t\t\t<img decoding=\"async\" itemprop=\"image\" class=\"edgtf-cc-hover-image\" src=\"https:\/\/www.pa-ta-ta.com\/wp-content\/uploads\/2025\/06\/25-06-26-Logos-web-VIOLETA2.png\" alt=\"\" \/>\n\t\t\t\t\t<\/a>\n\t<\/div><div class=\"edgtf-cc-item\">\n\t\t\t<a itemprop=\"url\" class=\"edgtf-cc-link edgtf-block-drag-link\" href=\"https:\/\/www.granada.org\/\" target=\"_blank\">\n\t\t\t\t\t\t<img decoding=\"async\" itemprop=\"image\" class=\"edgtf-cc-image\" src=\"https:\/\/www.pa-ta-ta.com\/wp-content\/uploads\/2025\/06\/25-06-26-Logos-web-VIOLETA5.png\" alt=\"\" \/>\n\t\t\t\t\t\t\t<img decoding=\"async\" itemprop=\"image\" class=\"edgtf-cc-hover-image\" src=\"https:\/\/www.pa-ta-ta.com\/wp-content\/uploads\/2025\/06\/25-06-26-Logos-web-VIOLETA5.png\" alt=\"\" \/>\n\t\t\t\t\t<\/a>\n\t<\/div><div class=\"edgtf-cc-item\">\n\t\t\t<a itemprop=\"url\" class=\"edgtf-cc-link edgtf-block-drag-link\" href=\"https:\/\/2031granada.org\/\" target=\"_blank\">\n\t\t\t\t\t\t<img decoding=\"async\" itemprop=\"image\" class=\"edgtf-cc-image\" src=\"https:\/\/www.pa-ta-ta.com\/wp-content\/uploads\/2025\/06\/25-06-26-Logos-web-VIOLETA3.png\" alt=\"\" \/>\n\t\t\t\t\t\t\t<img decoding=\"async\" itemprop=\"image\" class=\"edgtf-cc-hover-image\" src=\"https:\/\/www.pa-ta-ta.com\/wp-content\/uploads\/2025\/06\/25-06-26-Logos-web-VIOLETA3.png\" alt=\"\" \/>\n\t\t\t\t\t<\/a>\n\t<\/div><div class=\"edgtf-cc-item\">\n\t\t\t<a itemprop=\"url\" class=\"edgtf-cc-link edgtf-block-drag-link\" href=\"https:\/\/www.dipgra.es\/servicios\/areas\/reto-demografico\/\" target=\"_blank\">\n\t\t\t\t\t\t<img decoding=\"async\" itemprop=\"image\" class=\"edgtf-cc-image\" src=\"https:\/\/www.pa-ta-ta.com\/wp-content\/uploads\/2025\/06\/25-06-26-Logos-web-VIOLETA7.png\" alt=\"\" \/>\n\t\t\t\t\t\t\t<img decoding=\"async\" itemprop=\"image\" class=\"edgtf-cc-hover-image\" src=\"https:\/\/www.pa-ta-ta.com\/wp-content\/uploads\/2025\/06\/25-06-26-Logos-web-VIOLETA7.png\" alt=\"\" \/>\n\t\t\t\t\t<\/a>\n\t<\/div><div class=\"edgtf-cc-item\">\n\t\t\t<a itemprop=\"url\" class=\"edgtf-cc-link edgtf-block-drag-link\" href=\"https:\/\/europagranada.es\/\" target=\"_blank\">\n\t\t\t\t\t\t<img decoding=\"async\" itemprop=\"image\" class=\"edgtf-cc-image\" src=\"https:\/\/www.pa-ta-ta.com\/wp-content\/uploads\/2025\/06\/25-06-26-Logos-web-VIOLETA8.png\" alt=\"\" \/>\n\t\t\t\t\t\t\t<img decoding=\"async\" itemprop=\"image\" class=\"edgtf-cc-hover-image\" src=\"https:\/\/www.pa-ta-ta.com\/wp-content\/uploads\/2025\/06\/25-06-26-Logos-web-VIOLETA8.png\" alt=\"\" \/>\n\t\t\t\t\t<\/a>\n\t<\/div><div class=\"edgtf-cc-item\">\n\t\t\t<a itemprop=\"url\" class=\"edgtf-cc-link edgtf-block-drag-link\" href=\"https:\/\/www.dsca.gob.es\/es\" target=\"_blank\">\n\t\t\t\t\t\t<img decoding=\"async\" itemprop=\"image\" class=\"edgtf-cc-image\" src=\"https:\/\/www.pa-ta-ta.com\/wp-content\/uploads\/2025\/06\/25-06-26-Logos-web-VIOLETA9.png\" alt=\"\" \/>\n\t\t\t\t\t\t\t<img decoding=\"async\" itemprop=\"image\" class=\"edgtf-cc-hover-image\" src=\"https:\/\/www.pa-ta-ta.com\/wp-content\/uploads\/2025\/06\/25-06-26-Logos-web-VIOLETA9.png\" alt=\"\" \/>\n\t\t\t\t\t<\/a>\n\t<\/div><div class=\"edgtf-cc-item\">\n\t\t\t<a itemprop=\"url\" class=\"edgtf-cc-link edgtf-block-drag-link\" href=\"https:\/\/tupuntoendesa.es\/?sem=gad:prd:sem:eees:rtl:eng:gsrc:cpc:bf:na:na:ext-ropo:ctp:na:na:na:txt:exstk:na:na::mtd:::oficina%20endesa:&#038;gclsrc=aw.ds&#038;gad_source=1&#038;gad_campaignid=20923975128&#038;gbraid=0AAAAACrAby3CRJM5ZNLEtoCNMZZq4D383&#038;gclid=Cj0KCQjwpf7CBhCfARIsANIETVru-sJVV3A-byaFN2K2C2T0g_bpRY6Cn8anTSA2S3GcZvDBcPZ3YToaAl_REALw_wcB#mapa\" target=\"_blank\">\n\t\t\t\t\t\t<img decoding=\"async\" itemprop=\"image\" class=\"edgtf-cc-image\" src=\"https:\/\/www.pa-ta-ta.com\/wp-content\/uploads\/2025\/06\/25-06-26-Logos-web-VIOLETA10.png\" alt=\"\" \/>\n\t\t\t\t\t\t\t<img decoding=\"async\" itemprop=\"image\" class=\"edgtf-cc-hover-image\" src=\"https:\/\/www.pa-ta-ta.com\/wp-content\/uploads\/2025\/06\/25-06-26-Logos-web-VIOLETA10.png\" alt=\"\" \/>\n\t\t\t\t\t<\/a>\n\t<\/div><div class=\"edgtf-cc-item\">\n\t\t\t<a itemprop=\"url\" class=\"edgtf-cc-link edgtf-block-drag-link\" href=\"https:\/\/www.rutadelveleta.com\/\" target=\"_blank\">\n\t\t\t\t\t\t<img decoding=\"async\" itemprop=\"image\" class=\"edgtf-cc-image\" src=\"https:\/\/www.pa-ta-ta.com\/wp-content\/uploads\/2025\/06\/25-06-26-Logos-web-VIOLETA11.png\" alt=\"\" \/>\n\t\t\t\t\t\t\t<img decoding=\"async\" itemprop=\"image\" class=\"edgtf-cc-hover-image\" src=\"https:\/\/www.pa-ta-ta.com\/wp-content\/uploads\/2025\/06\/25-06-26-Logos-web-VIOLETA11.png\" alt=\"\" \/>\n\t\t\t\t\t<\/a>\n\t<\/div>\t<\/div>\n<\/div>[\/vc_column][\/vc_row][vc_row][vc_column]<div class=\"edgtf-elements-holder   edgtf-one-column  edgtf-responsive-mode-768 \" ><div class=\"edgtf-eh-item   edgtf-horizontal-alignment-center \"  data-item-class=\"edgtf-eh-custom-3143\" data-1280-1600=\"116px 0% 46px 0%\" data-1024-1280=\"100px 0% 46px 0%\" data-768-1024=\"111px 0% 46px 0%\" data-680-768=\"106px 0% 46px 0%\" data-680=\"63px 0% 46px 0%\">\n\t<div class=\"edgtf-eh-item-inner\">\n\t\t<div class=\"edgtf-eh-item-content edgtf-eh-custom-3143\" style=\"padding: 165px 0% 46px 0%\">\n\t\t\t    <span class=\"edgtf-icon-shortcode edgtf-normal   \" style=\"margin: 0px 20px 0px 0px\" data-hover-color=\"#7D28F0\" data-color=\"#7C28F0\">\n                    <a itemprop=\"url\" class=\"\" href=\"https:\/\/www.instagram.com\/pa_ta_ta_festival\/\" target=\"_blank\">\n                    <i class=\"edgtf-icon-ion-icon ion-social-instagram edgtf-icon-element\" style=\"color: #7C28F0;font-size:40px\" ><\/i>                    <\/a>\n            <\/span>\n    <span class=\"edgtf-icon-shortcode edgtf-normal   \" style=\"margin: 0px 20px 0px 0px\" data-hover-color=\"#7D28F0\" data-color=\"#7D28F0\">\n                    <a itemprop=\"url\" class=\"\" href=\"https:\/\/www.facebook.com\/patatafestival\/\" target=\"_blank\">\n                    <i class=\"edgtf-icon-ion-icon ion-social-facebook edgtf-icon-element\" style=\"color: #7D28F0;font-size:40px\" ><\/i>                    <\/a>\n            <\/span>\n\t\t<\/div>\n\t<\/div>\n<\/div><\/div>[\/vc_column][\/vc_row][\/vc_section]<\/p>\n<\/div>","protected":false},"excerpt":{"rendered":"<p>[vc_section][vc_row parallax_background_image=\u00bb1043&#8243; parallax_bg_speed=\u00bb0&#8243;][vc_column][\/vc_column][\/vc_row][vc_row content_text_aligment=\u00bbright\u00bb css=\u00bb.vc_custom_1751073216139{background-position: 0 0 !important;background-repeat: repeat !important;}\u00bb][vc_column [&hellip;]<\/p>\n","protected":false},"author":1,"featured_media":0,"parent":0,"menu_order":0,"comment_status":"closed","ping_status":"closed","template":"","meta":{"footnotes":""},"class_list":["post-17070","page","type-page","status-publish","hentry"],"_links":{"self":[{"href":"https:\/\/www.pa-ta-ta.com\/index.php\/wp-json\/wp\/v2\/pages\/17070","targetHints":{"allow":["GET"]}}],"collection":[{"href":"https:\/\/www.pa-ta-ta.com\/index.php\/wp-json\/wp\/v2\/pages"}],"about":[{"href":"https:\/\/www.pa-ta-ta.com\/index.php\/wp-json\/wp\/v2\/types\/page"}],"author":[{"embeddable":true,"href":"https:\/\/www.pa-ta-ta.com\/index.php\/wp-json\/wp\/v2\/users\/1"}],"replies":[{"embeddable":true,"href":"https:\/\/www.pa-ta-ta.com\/index.php\/wp-json\/wp\/v2\/comments?post=17070"}],"version-history":[{"count":152,"href":"https:\/\/www.pa-ta-ta.com\/index.php\/wp-json\/wp\/v2\/pages\/17070\/revisions"}],"predecessor-version":[{"id":17634,"href":"https:\/\/www.pa-ta-ta.com\/index.php\/wp-json\/wp\/v2\/pages\/17070\/revisions\/17634"}],"wp:attachment":[{"href":"https:\/\/www.pa-ta-ta.com\/index.php\/wp-json\/wp\/v2\/media?parent=17070"}],"curies":[{"name":"wp","href":"https:\/\/api.w.org\/{rel}","templated":true}]}}