{"id":16638,"date":"2025-06-28T10:20:20","date_gmt":"2025-06-28T08:20:20","guid":{"rendered":"https:\/\/haar.pa-ta-ta.com\/?page_id=16638"},"modified":"2026-02-04T20:46:53","modified_gmt":"2026-02-04T19:46:53","slug":"socias-y-aliadas","status":"publish","type":"page","link":"https:\/\/www.pa-ta-ta.com\/index.php\/socias-y-aliadas\/","title":{"rendered":"SOCIAS Y ALIADAS"},"content":{"rendered":"<div class=\"wpb-content-wrapper\"><p>[vc_section][vc_row parallax_background_image=\u00bb1043&#8243; parallax_bg_speed=\u00bb0&#8243;][vc_column]<div class=\"edgtf-elements-holder   edgtf-one-column  edgtf-responsive-mode-768 \" ><div class=\"edgtf-eh-item    \"  data-item-class=\"edgtf-eh-custom-6154\">\n\t<div class=\"edgtf-eh-item-inner\">\n\t\t<div class=\"edgtf-eh-item-content edgtf-eh-custom-6154\" >\n\t\t\t<h1 class=\"edgtf-custom-font-holder  edgtf-cf-2254 edgtf-cf-has-type-out \" style=\"font-size: 120px;line-height: 131px;text-align: left;color: #3CAD4C\" data-item-class=\"edgtf-cf-2254\" data-font-size-680=\"60px\" data-line-height-680=\"71px\">\n\tSOCIAS <span class=\"edgtf-cf-typed-wrap\" style=\"color: #BFBFBF\"><span class=\"edgtf-cf-typed\"><span class=\"edgtf-cf-typed-1\">Y ALIADAS<\/span><\/span><\/span><br \/><\/h1>\t\t<\/div>\n\t<\/div>\n<\/div><\/div>[\/vc_column][\/vc_row][vc_row content_text_aligment=\u00bbright\u00bb css=\u00bb.vc_custom_1751073216139{background-position: 0 0 !important;background-repeat: repeat !important;}\u00bb][vc_column css=\u00bb.vc_custom_1751073437769{background-position: center !important;background-repeat: no-repeat !important;background-size: contain !important;}\u00bb]<div class=\"edgtf-elements-holder   edgtf-one-column  edgtf-responsive-mode-768 \" ><div class=\"edgtf-eh-item    \"  data-item-class=\"edgtf-eh-custom-3808\">\n\t<div class=\"edgtf-eh-item-inner\">\n\t\t<div class=\"edgtf-eh-item-content edgtf-eh-custom-3808\" >\n\t\t\t[vc_column_text css=\u00bb.vc_custom_1751107341051{padding-bottom: 17px !important;}\u00bb]<\/p>\n<h2 style=\"text-align: left;\"><span style=\"font-size: 18pt; color: #bfbfbf;\">CREANDO COMUNIDAD<\/span><\/h2>\n<p>[\/vc_column_text][vc_column_text css=\u00bb\u00bb]<\/p>\n<p style=\"text-align: left;\"><span style=\"color: #bfbfbf;\">Queremos expresar nuestro m\u00e1s profundo agradecimiento a todos las entidades socias y personas aliadas que, con su apoyo econ\u00f3mico, implicaci\u00f3n, tiempo, esfuerzo, creatividad y compromiso, hacen posible Pa-ta-ta Festival.<\/span><\/p>\n<p style=\"text-align: left;\"><span style=\"color: #bfbfbf;\">Gracias por creer en la fotograf\u00eda como herramienta de mediaci\u00f3n social, por ayudarnos a acercarla a la ciudadan\u00eda y \n<span class=\"edgtf-highlight\" style=\"color: #434145;background-color: #3cad4c\">\n\tapostar por un proyecto que no solo muestra im\u00e1genes, sino que crea v\u00ednculos, despierta preguntas y construye comunidad.<\/span><\/span><\/p>\n<p>[\/vc_column_text]\t\t<\/div>\n\t<\/div>\n<\/div><\/div>[vc_empty_space height=\u00bb60px\u00bb][\/vc_column][\/vc_row][vc_row][vc_column width=\u00bb1\/4&#8243;][vc_column_text css=\u00bb\u00bb]<span style=\"color: #3cad4c;\">organiza<\/span>[\/vc_column_text]<div class=\"edgtf-iwt clearfix  edgtf-iwt-icon-top edgtf-iwt-icon-medium\">\n            <a itemprop=\"url\" href=\"https:\/\/www.laampliadora.org\/\" target=\"_blank\">\n            <div class=\"edgtf-iwt-icon\">\n                            <img loading=\"lazy\" decoding=\"async\" width=\"425\" height=\"283\" src=\"https:\/\/www.pa-ta-ta.com\/wp-content\/uploads\/2025\/06\/25-06-26-Logos-web-VERDE2.png\" class=\"attachment-full size-full\" alt=\"\" srcset=\"https:\/\/www.pa-ta-ta.com\/wp-content\/uploads\/2025\/06\/25-06-26-Logos-web-VERDE2.png 425w, https:\/\/www.pa-ta-ta.com\/wp-content\/uploads\/2025\/06\/25-06-26-Logos-web-VERDE2-300x200.png 300w\" sizes=\"auto, (max-width: 425px) 100vw, 425px\" \/>                    <\/div>\n        <div class=\"edgtf-iwt-content\" >\n                                <\/div>\n            <\/a>\n    <\/div>[\/vc_column][vc_column width=\u00bb1\/4&#8243;][vc_column_text css=\u00bb\u00bb]<span style=\"color: #3cad4c;\"><em>a por la capitalidad<\/em><\/span>[\/vc_column_text]<div class=\"edgtf-iwt clearfix  edgtf-iwt-icon-top edgtf-iwt-icon-medium\">\n            <a itemprop=\"url\" href=\"https:\/\/2031granada.org\/\" target=\"_self\">\n            <div class=\"edgtf-iwt-icon\">\n                            <img loading=\"lazy\" decoding=\"async\" width=\"425\" height=\"283\" src=\"https:\/\/www.pa-ta-ta.com\/wp-content\/uploads\/2025\/06\/25-06-26-Logos-web-VERDE3.png\" class=\"attachment-full size-full\" alt=\"\" srcset=\"https:\/\/www.pa-ta-ta.com\/wp-content\/uploads\/2025\/06\/25-06-26-Logos-web-VERDE3.png 425w, https:\/\/www.pa-ta-ta.com\/wp-content\/uploads\/2025\/06\/25-06-26-Logos-web-VERDE3-300x200.png 300w\" sizes=\"auto, (max-width: 425px) 100vw, 425px\" \/>                    <\/div>\n        <div class=\"edgtf-iwt-content\" >\n                                <\/div>\n            <\/a>\n    <\/div>[\/vc_column][vc_column width=\u00bb1\/4&#8243;][\/vc_column][vc_column width=\u00bb1\/4&#8243;][\/vc_column][\/vc_row][vc_row][vc_column][vc_column_text css=\u00bb\u00bb]<span style=\"color: #3cad4c;\">socios institucionales<\/span>[\/vc_column_text][\/vc_column][\/vc_row][vc_row][vc_column width=\u00bb1\/4&#8243;]<div class=\"edgtf-iwt clearfix  edgtf-iwt-icon-top edgtf-iwt-icon-medium\">\n            <a itemprop=\"url\" href=\"https:\/\/www.granada.org\/\" target=\"_self\">\n            <div class=\"edgtf-iwt-icon\">\n                            <img loading=\"lazy\" decoding=\"async\" width=\"425\" height=\"283\" src=\"https:\/\/www.pa-ta-ta.com\/wp-content\/uploads\/2025\/06\/25-06-26-Logos-web-VERDE5.png\" class=\"attachment-full size-full\" alt=\"\" srcset=\"https:\/\/www.pa-ta-ta.com\/wp-content\/uploads\/2025\/06\/25-06-26-Logos-web-VERDE5.png 425w, https:\/\/www.pa-ta-ta.com\/wp-content\/uploads\/2025\/06\/25-06-26-Logos-web-VERDE5-300x200.png 300w\" sizes=\"auto, (max-width: 425px) 100vw, 425px\" \/>                    <\/div>\n        <div class=\"edgtf-iwt-content\" >\n                                <\/div>\n            <\/a>\n    <\/div>[\/vc_column][vc_column width=\u00bb1\/4&#8243;]<div class=\"edgtf-iwt clearfix  edgtf-iwt-icon-top edgtf-iwt-icon-medium\">\n            <a itemprop=\"url\" href=\"https:\/\/www.dipgra.es\/servicios\/areas\/reto-demografico\/\" target=\"_self\">\n            <div class=\"edgtf-iwt-icon\">\n                            <img loading=\"lazy\" decoding=\"async\" width=\"425\" height=\"283\" src=\"https:\/\/www.pa-ta-ta.com\/wp-content\/uploads\/2025\/06\/25-06-26-Logos-web-VERDE7.png\" class=\"attachment-full size-full\" alt=\"\" srcset=\"https:\/\/www.pa-ta-ta.com\/wp-content\/uploads\/2025\/06\/25-06-26-Logos-web-VERDE7.png 425w, https:\/\/www.pa-ta-ta.com\/wp-content\/uploads\/2025\/06\/25-06-26-Logos-web-VERDE7-300x200.png 300w\" sizes=\"auto, (max-width: 425px) 100vw, 425px\" \/>                    <\/div>\n        <div class=\"edgtf-iwt-content\" >\n                                <\/div>\n            <\/a>\n    <\/div>[\/vc_column][vc_column width=\u00bb1\/4&#8243;]<div class=\"edgtf-iwt clearfix  edgtf-iwt-icon-top edgtf-iwt-icon-medium\">\n            <a itemprop=\"url\" href=\"https:\/\/europagranada.es\/\" target=\"_self\">\n            <div class=\"edgtf-iwt-icon\">\n                            <img loading=\"lazy\" decoding=\"async\" width=\"425\" height=\"283\" src=\"https:\/\/www.pa-ta-ta.com\/wp-content\/uploads\/2025\/06\/25-06-26-Logos-web-VERDE8.png\" class=\"attachment-full size-full\" alt=\"\" srcset=\"https:\/\/www.pa-ta-ta.com\/wp-content\/uploads\/2025\/06\/25-06-26-Logos-web-VERDE8.png 425w, https:\/\/www.pa-ta-ta.com\/wp-content\/uploads\/2025\/06\/25-06-26-Logos-web-VERDE8-300x200.png 300w\" sizes=\"auto, (max-width: 425px) 100vw, 425px\" \/>                    <\/div>\n        <div class=\"edgtf-iwt-content\" >\n                                <\/div>\n            <\/a>\n    <\/div>[\/vc_column][vc_column width=\u00bb1\/4&#8243;]<div class=\"edgtf-iwt clearfix  edgtf-iwt-icon-top edgtf-iwt-icon-medium\">\n            <a itemprop=\"url\" href=\"https:\/\/www.dsca.gob.es\/es\" target=\"_self\">\n            <div class=\"edgtf-iwt-icon\">\n                            <img loading=\"lazy\" decoding=\"async\" width=\"425\" height=\"283\" src=\"https:\/\/www.pa-ta-ta.com\/wp-content\/uploads\/2025\/06\/25-06-26-Logos-web-VERDE9.png\" class=\"attachment-full size-full\" alt=\"\" srcset=\"https:\/\/www.pa-ta-ta.com\/wp-content\/uploads\/2025\/06\/25-06-26-Logos-web-VERDE9.png 425w, https:\/\/www.pa-ta-ta.com\/wp-content\/uploads\/2025\/06\/25-06-26-Logos-web-VERDE9-300x200.png 300w\" sizes=\"auto, (max-width: 425px) 100vw, 425px\" \/>                    <\/div>\n        <div class=\"edgtf-iwt-content\" >\n                                <\/div>\n            <\/a>\n    <\/div>[\/vc_column][\/vc_row][vc_row][vc_column][vc_column_text css=\u00bb\u00bb]<span style=\"color: #3cad4c;\">socios principales<\/span>[\/vc_column_text][\/vc_column][\/vc_row][vc_row][vc_column width=\u00bb1\/4&#8243;]<div class=\"edgtf-iwt clearfix  edgtf-iwt-icon-top edgtf-iwt-icon-medium\">\n            <a itemprop=\"url\" href=\"https:\/\/tupuntoendesa.es\/?sem=gad:prd:sem:eees:rtl:eng:gsrc:cpc:bf:pr:na:tiend:ctp:na:na:na:txt:txt:na:na::mtd:::keyword:&#038;dclid&#038;gad_source=1&#038;gad_campaignid=20923975128&#038;gbraid=0AAAAACrAby3CRJM5ZNLEtoCNMZZq4D383&#038;gclid=Cj0KCQjwpf7CBhCfARIsANIETVpqB8K_5s8a3GTioRFuOES28OAYEpHW_ZSIB2J0jSkbzwWMccyYE-kaAsepEALw_wcB#mapa\" target=\"_blank\">\n            <div class=\"edgtf-iwt-icon\">\n                            <img loading=\"lazy\" decoding=\"async\" width=\"425\" height=\"283\" src=\"https:\/\/www.pa-ta-ta.com\/wp-content\/uploads\/2025\/06\/25-06-26-Logos-web-VERDE10.png\" class=\"attachment-full size-full\" alt=\"\" srcset=\"https:\/\/www.pa-ta-ta.com\/wp-content\/uploads\/2025\/06\/25-06-26-Logos-web-VERDE10.png 425w, https:\/\/www.pa-ta-ta.com\/wp-content\/uploads\/2025\/06\/25-06-26-Logos-web-VERDE10-300x200.png 300w\" sizes=\"auto, (max-width: 425px) 100vw, 425px\" \/>                    <\/div>\n        <div class=\"edgtf-iwt-content\" >\n                                <\/div>\n            <\/a>\n    <\/div>[\/vc_column][vc_column width=\u00bb1\/4&#8243;]<div class=\"edgtf-iwt clearfix  edgtf-iwt-icon-top edgtf-iwt-icon-medium\">\n            <a itemprop=\"url\" href=\"https:\/\/www.rutadelveleta.com\/\" target=\"_blank\">\n            <div class=\"edgtf-iwt-icon\">\n                            <img loading=\"lazy\" decoding=\"async\" width=\"425\" height=\"283\" src=\"https:\/\/www.pa-ta-ta.com\/wp-content\/uploads\/2025\/06\/25-06-26-Logos-web-VERDE11.png\" class=\"attachment-full size-full\" alt=\"\" srcset=\"https:\/\/www.pa-ta-ta.com\/wp-content\/uploads\/2025\/06\/25-06-26-Logos-web-VERDE11.png 425w, https:\/\/www.pa-ta-ta.com\/wp-content\/uploads\/2025\/06\/25-06-26-Logos-web-VERDE11-300x200.png 300w\" sizes=\"auto, (max-width: 425px) 100vw, 425px\" \/>                    <\/div>\n        <div class=\"edgtf-iwt-content\" >\n                                <\/div>\n            <\/a>\n    <\/div>[\/vc_column][vc_column width=\u00bb1\/4&#8243;]<div class=\"edgtf-iwt clearfix  edgtf-iwt-icon-top edgtf-iwt-icon-medium\">\n            <a itemprop=\"url\" href=\"https:\/\/carmencitafilmlab.com\/es\/?srsltid=AfmBOorlo9BV8ZA2p317-c_wiXac8BxzsIOmTW89EeiPtXBgJ5CR95Lz\" target=\"_blank\">\n            <div class=\"edgtf-iwt-icon\">\n                            <img loading=\"lazy\" decoding=\"async\" width=\"567\" height=\"378\" src=\"https:\/\/www.pa-ta-ta.com\/wp-content\/uploads\/2025\/11\/25-06-26-Logos-web-VERDE14.png\" class=\"attachment-full size-full\" alt=\"\" srcset=\"https:\/\/www.pa-ta-ta.com\/wp-content\/uploads\/2025\/11\/25-06-26-Logos-web-VERDE14.png 567w, https:\/\/www.pa-ta-ta.com\/wp-content\/uploads\/2025\/11\/25-06-26-Logos-web-VERDE14-300x200.png 300w\" sizes=\"auto, (max-width: 567px) 100vw, 567px\" \/>                    <\/div>\n        <div class=\"edgtf-iwt-content\" >\n                                <\/div>\n            <\/a>\n    <\/div>[\/vc_column][vc_column width=\u00bb1\/4&#8243;][\/vc_column][\/vc_row][vc_row][vc_column][vc_empty_space height=\u00bb60px\u00bb][\/vc_column][\/vc_row][\/vc_section][vc_section][vc_row][vc_column][vc_column_text css=\u00bb.vc_custom_1751134138704{padding-bottom: 17px !important;}\u00bb]<\/p>\n<p style=\"text-align: left;\"><span style=\"font-size: 18pt; color: #3cad4c;\"><strong>PA-TA-TA FESTIVAL CUENTA CON EL APOYO ESPECIAL <\/strong>DE ALDEAS INCLUSIVA, FEGRADI, GRANADA HOY, ONCE, ONDACERO GRANADA Y EL EQUIPO DE INSELEC, NATURCLIMA Y SERVINFORM, PUNTOS DE SERVICIO DE ENDESA.<\/span><\/p>\n<p>[\/vc_column_text][\/vc_column][\/vc_row][vc_row][vc_column][vc_empty_space height=\u00bb40px\u00bb][\/vc_column][\/vc_row][vc_row][vc_column][vc_column_text css=\u00bb.vc_custom_1751111175806{padding-bottom: 17px !important;}\u00bb]<\/p>\n<p style=\"text-align: left;\"><span style=\"font-size: 18pt; color: #3cad4c;\"><strong>Y LA COLABORACI\u00d3N ACTIVA <\/strong>DE LAS PERSONAS TRABAJADORAS DE LOS CENTROS C\u00cdVICOS, DOCENTES Y EQUIPOS DIRECTIVOS DE LOS CENTROS EDUCATIVOS Y LAS ASOCIACIONES Y VECINDARIO DE LOS DISTRITOS BEIRO, CENTRO, CHANA Y NORTE.<\/span><\/p>\n<p>&nbsp;<\/p>\n<p style=\"text-align: left;\"><span style=\"font-size: 18pt; color: #3cad4c;\">Y DEL EQUIPO T\u00c9CNICO DE LAS \u00c1REAS DE CULTURA, OCUPACI\u00d3N DE V\u00cdA P\u00daBLICA, PARTICIPACI\u00d3N CIUDADANA,\u00a0 MOVILIDAD Y AGENDA URBANA Y TURISMO DEL AYUNTAMIENTO DE GRANADA Y DE LAS DELEGACIONES DE IGUALDAD Y RETO DEMOGR\u00c1FICO DE LA DIPUTACI\u00d3N DE GRANADA.<br \/>\n<\/span><\/p>\n<p>[\/vc_column_text][\/vc_column][\/vc_row][\/vc_section][vc_section][vc_row][vc_column]<div class=\"edgtf-elements-holder   edgtf-one-column  edgtf-responsive-mode-768 \" ><div class=\"edgtf-eh-item   edgtf-horizontal-alignment-center \"  data-item-class=\"edgtf-eh-custom-5372\" data-1280-1600=\"116px 0% 46px 0%\" data-1024-1280=\"100px 0% 46px 0%\" data-768-1024=\"111px 0% 46px 0%\" data-680-768=\"106px 0% 46px 0%\" data-680=\"63px 0% 46px 0%\">\n\t<div class=\"edgtf-eh-item-inner\">\n\t\t<div class=\"edgtf-eh-item-content edgtf-eh-custom-5372\" style=\"padding: 165px 0% 46px 0%\">\n\t\t\t    <span class=\"edgtf-icon-shortcode edgtf-normal   \" style=\"margin: 0px 20px 0px 0px\" data-hover-color=\"#7D28F0\" data-color=\"#3CAD4C\">\n                    <a itemprop=\"url\" class=\"\" href=\"https:\/\/www.instagram.com\/pa_ta_ta_festival\/\" target=\"_blank\">\n                    <i class=\"edgtf-icon-ion-icon ion-social-instagram edgtf-icon-element\" style=\"color: #3CAD4C;font-size:40px\" ><\/i>                    <\/a>\n            <\/span>\n    <span class=\"edgtf-icon-shortcode edgtf-normal   \" style=\"margin: 0px 20px 0px 0px\" data-hover-color=\"#7D28F0\" data-color=\"#3CAD4C\">\n                    <a itemprop=\"url\" class=\"\" href=\"https:\/\/www.facebook.com\/patatafestival\/\" target=\"_blank\">\n                    <i class=\"edgtf-icon-ion-icon ion-social-facebook edgtf-icon-element\" style=\"color: #3CAD4C;font-size:40px\" ><\/i>                    <\/a>\n            <\/span>\n\t\t<\/div>\n\t<\/div>\n<\/div><\/div>[\/vc_column][\/vc_row][\/vc_section]<\/p>\n<\/div>","protected":false},"excerpt":{"rendered":"<p>[vc_section][vc_row parallax_background_image=\u00bb1043&#8243; parallax_bg_speed=\u00bb0&#8243;][vc_column][\/vc_column][\/vc_row][vc_row content_text_aligment=\u00bbright\u00bb css=\u00bb.vc_custom_1751073216139{background-position: 0 0 !important;background-repeat: repeat !important;}\u00bb][vc_column [&hellip;]<\/p>\n","protected":false},"author":1,"featured_media":0,"parent":0,"menu_order":0,"comment_status":"closed","ping_status":"closed","template":"","meta":{"footnotes":""},"class_list":["post-16638","page","type-page","status-publish","hentry"],"_links":{"self":[{"href":"https:\/\/www.pa-ta-ta.com\/index.php\/wp-json\/wp\/v2\/pages\/16638","targetHints":{"allow":["GET"]}}],"collection":[{"href":"https:\/\/www.pa-ta-ta.com\/index.php\/wp-json\/wp\/v2\/pages"}],"about":[{"href":"https:\/\/www.pa-ta-ta.com\/index.php\/wp-json\/wp\/v2\/types\/page"}],"author":[{"embeddable":true,"href":"https:\/\/www.pa-ta-ta.com\/index.php\/wp-json\/wp\/v2\/users\/1"}],"replies":[{"embeddable":true,"href":"https:\/\/www.pa-ta-ta.com\/index.php\/wp-json\/wp\/v2\/comments?post=16638"}],"version-history":[{"count":100,"href":"https:\/\/www.pa-ta-ta.com\/index.php\/wp-json\/wp\/v2\/pages\/16638\/revisions"}],"predecessor-version":[{"id":18103,"href":"https:\/\/www.pa-ta-ta.com\/index.php\/wp-json\/wp\/v2\/pages\/16638\/revisions\/18103"}],"wp:attachment":[{"href":"https:\/\/www.pa-ta-ta.com\/index.php\/wp-json\/wp\/v2\/media?parent=16638"}],"curies":[{"name":"wp","href":"https:\/\/api.w.org\/{rel}","templated":true}]}}