{"id":16358,"date":"2025-06-26T20:45:34","date_gmt":"2025-06-26T18:45:34","guid":{"rendered":"https:\/\/haar.pa-ta-ta.com\/?page_id=16358"},"modified":"2025-11-05T12:23:38","modified_gmt":"2025-11-05T11:23:38","slug":"sobre-el-festival","status":"publish","type":"page","link":"https:\/\/www.pa-ta-ta.com\/","title":{"rendered":"SOBRE EL FESTIVAL"},"content":{"rendered":"<div class=\"wpb-content-wrapper\"><p>[vc_section][vc_row parallax_background_image=\u00bb1043&#8243; parallax_bg_speed=\u00bb0&#8243;][vc_column]<div class=\"edgtf-elements-holder   edgtf-one-column  edgtf-responsive-mode-768 \" ><div class=\"edgtf-eh-item    \"  data-item-class=\"edgtf-eh-custom-1860\">\n\t<div class=\"edgtf-eh-item-inner\">\n\t\t<div class=\"edgtf-eh-item-content edgtf-eh-custom-1860\" >\n\t\t\t<h1 class=\"edgtf-custom-font-holder  edgtf-cf-4930 edgtf-cf-has-type-out \" style=\"font-size: 120px;line-height: 131px;text-align: left;color: #434145\" data-item-class=\"edgtf-cf-4930\" data-font-size-680=\"60px\" data-line-height-680=\"71px\">\n\tVUELVE <span class=\"edgtf-cf-typed-wrap\" style=\"color: #7D28F0\"><span class=\"edgtf-cf-typed\"><span class=\"edgtf-cf-typed-1\">IS BACK<\/span><\/span><\/span><br \/><\/h1>\t\t<\/div>\n\t<\/div>\n<\/div><\/div>[\/vc_column][\/vc_row][vc_row css=\u00bb.vc_custom_1751279100842{background-position: 0 0 !important;background-repeat: repeat !important;}\u00bb][vc_column css=\u00bb.vc_custom_1751073437769{background-position: center !important;background-repeat: no-repeat !important;background-size: contain !important;}\u00bb]<div class=\"edgtf-elements-holder   edgtf-one-column  edgtf-responsive-mode-768 \" ><div class=\"edgtf-eh-item    \"  data-item-class=\"edgtf-eh-custom-5984\">\n\t<div class=\"edgtf-eh-item-inner\">\n\t\t<div class=\"edgtf-eh-item-content edgtf-eh-custom-5984\" >\n\t\t\t[vc_column_text css=\u00bb.vc_custom_1762263349345{padding-bottom: 17px !important;}\u00bb]<\/p>\n<h2 style=\"text-align: left;\"><span style=\"font-size: 36pt;\">OCT. 2026<\/span><\/h2>\n<p>[\/vc_column_text][vc_column_text css=\u00bb\u00bb]<\/p>\n<p style=\"text-align: left;\">Tras una pausa que comenz\u00f3 en 2019, y despu\u00e9s de diez intensos a\u00f1os de crecimiento, aprendizajes y transformaci\u00f3n colectiva,\n<span class=\"edgtf-highlight\" style=\"color: #bfbfbf;background-color: #7d28f0\">\n\tPa-ta-ta Festival vuelve con m\u00e1s convicci\u00f3n, m\u00e1s comunidad y m\u00e1s conciencia.<\/span><\/p>\n<p>&nbsp;<\/p>\n<p style=\"text-align: left;\">Durante una d\u00e9cada, Pa-ta-ta fue un punto de encuentro para fot\u00f3grafas, artistas, vecinas, estudiantes, colectivos y agentes culturales. Un festival diferente que entend\u00eda la fotograf\u00eda no como un escaparate, sino como una herramienta de di\u00e1logo, de transformaci\u00f3n y de participaci\u00f3n social. Sin embargo, tambi\u00e9n comprendimos que para seguir apoyando a la creaci\u00f3n art\u00edstica era necesario detenernos, revisar y repensar.<\/p>\n<p>[\/vc_column_text][vc_empty_space][vc_column_text css=\u00bb.vc_custom_1751711870065{padding-bottom: 17px !important;}\u00bb]<\/p>\n<p style=\"text-align: left;\"><span style=\"font-size: 18pt;\"><strong>UNA NUEVA ETAPA<\/strong><\/span><\/p>\n<p>[\/vc_column_text][vc_column_text css=\u00bb\u00bb]<\/p>\n<p style=\"text-align: left;\">Volvemos porque el mundo est\u00e1 cambiando \u2014y tambi\u00e9n nuestra mirada. Vivimos un presente marcado por crisis m\u00faltiples: clim\u00e1tica, social, de cuidados, de vivienda, de desigualdades que se profundizan. En este contexto, el arte no puede ni debe permanecer al margen. Por eso,\n<span class=\"edgtf-highlight\" style=\"color: #bfbfbf;background-color: #7d28f0\">\n\tPa-ta-ta regresa como un festival centrado en el impacto social, el compromiso colectivo y la implicaci\u00f3n territorial.<\/span><\/p>\n<p>&nbsp;<\/p>\n<p style=\"text-align: left;\">La pausa no ha sido un par\u00e9ntesis vac\u00edo. Ha sido un tiempo f\u00e9rtil que nos ha permitido madurar una nueva propuesta, m\u00e1s comunitaria y esperamos que m\u00e1s sostenible. En esta nueva etapa,\n<span class=\"edgtf-highlight\" style=\"color: #bfbfbf;background-color: #7d28f0\">\n\tbuscamos proyectos fotogr\u00e1ficos que no solo representen, sino que act\u00faen;<\/span> que no se limiten a se\u00f1alar un problema, sino que construyan una respuesta junto a los y las protagonistas de esos relatos.<\/p>\n<p>&nbsp;<\/p>\n<p style=\"text-align: left;\">Esta vuelta no significa empezar de cero, sino continuar con otro enfoque. Volvemos con un modelo m\u00e1s comprometido, vinculado a los barrios de Granada, en el que cada proyecto seleccionado se arraiga en un distrito y establece un v\u00ednculo real con su gente. Queremos que la fotograf\u00eda vuelva a ocupar el espacio p\u00fablico \u2014no solo como exposici\u00f3n, sino como experiencia compartida.<\/p>\n<p>&nbsp;<\/p>\n<p style=\"text-align: left;\">Pa-ta-ta Festival no regresa para recuperar lo que fue, sino para construir lo que ahora necesita ser. Un festival consciente de su contexto, con los pies en el territorio y la mirada puesta en lo com\u00fan. \n<span class=\"edgtf-highlight\" style=\"color: #bfbfbf;background-color: #7d28f0\">\n\tUn lugar desde donde seguir preguntando, imaginando y so\u00f1ando con otras formas de habitar el mundo.<\/span><\/p>\n<p>[\/vc_column_text]\t\t<\/div>\n\t<\/div>\n<\/div><\/div>[vc_empty_space height=\u00bb150px\u00bb][\/vc_column][\/vc_row][\/vc_section][vc_section][vc_row css=\u00bb.vc_custom_1519054026659{padding-top: 105px !important;padding-bottom: 105px !important;}\u00bb][vc_column]<div class=\"edgtf-clients-carousel-holder edgtf-cc-hover-roll-over\">\n\t<div class=\"edgtf-cc-inner edgtf-owl-slider\" data-number-of-items=\"6\" data-enable-loop=\"yes\" data-enable-autoplay=\"yes\" data-slider-speed=\"1500\" data-slider-speed-animation=\"600\" data-enable-navigation=\"no\" data-enable-pagination=\"yes\">\n\t\t<div class=\"edgtf-cc-item\">\n\t\t\t<a itemprop=\"url\" class=\"edgtf-cc-link edgtf-block-drag-link\" href=\"https:\/\/www.laampliadora.org\/\" target=\"_blank\">\n\t\t\t\t\t\t<img decoding=\"async\" itemprop=\"image\" class=\"edgtf-cc-image\" src=\"https:\/\/www.pa-ta-ta.com\/wp-content\/uploads\/2025\/06\/25-06-26-Logos-web-VIOLETA2.png\" alt=\"\" \/>\n\t\t\t\t\t\t\t<img decoding=\"async\" itemprop=\"image\" class=\"edgtf-cc-hover-image\" src=\"https:\/\/www.pa-ta-ta.com\/wp-content\/uploads\/2025\/06\/25-06-26-Logos-web-VIOLETA2.png\" alt=\"\" \/>\n\t\t\t\t\t<\/a>\n\t<\/div><div class=\"edgtf-cc-item\">\n\t\t\t<a itemprop=\"url\" class=\"edgtf-cc-link edgtf-block-drag-link\" href=\"https:\/\/www.granada.org\/\" target=\"_blank\">\n\t\t\t\t\t\t<img decoding=\"async\" itemprop=\"image\" class=\"edgtf-cc-image\" src=\"https:\/\/www.pa-ta-ta.com\/wp-content\/uploads\/2025\/06\/25-06-26-Logos-web-VIOLETA5.png\" alt=\"\" \/>\n\t\t\t\t\t\t\t<img decoding=\"async\" itemprop=\"image\" class=\"edgtf-cc-hover-image\" src=\"https:\/\/www.pa-ta-ta.com\/wp-content\/uploads\/2025\/06\/25-06-26-Logos-web-VIOLETA5.png\" alt=\"\" \/>\n\t\t\t\t\t<\/a>\n\t<\/div><div class=\"edgtf-cc-item\">\n\t\t\t<a itemprop=\"url\" class=\"edgtf-cc-link edgtf-block-drag-link\" href=\"https:\/\/2031granada.org\/\" target=\"_blank\">\n\t\t\t\t\t\t<img decoding=\"async\" itemprop=\"image\" class=\"edgtf-cc-image\" src=\"https:\/\/www.pa-ta-ta.com\/wp-content\/uploads\/2025\/06\/25-06-26-Logos-web-VIOLETA3.png\" alt=\"\" \/>\n\t\t\t\t\t\t\t<img decoding=\"async\" itemprop=\"image\" class=\"edgtf-cc-hover-image\" src=\"https:\/\/www.pa-ta-ta.com\/wp-content\/uploads\/2025\/06\/25-06-26-Logos-web-VIOLETA3.png\" alt=\"\" \/>\n\t\t\t\t\t<\/a>\n\t<\/div><div class=\"edgtf-cc-item\">\n\t\t\t<a itemprop=\"url\" class=\"edgtf-cc-link edgtf-block-drag-link\" href=\"https:\/\/www.dipgra.es\/servicios\/areas\/reto-demografico\/\" target=\"_blank\">\n\t\t\t\t\t\t<img decoding=\"async\" itemprop=\"image\" class=\"edgtf-cc-image\" src=\"https:\/\/www.pa-ta-ta.com\/wp-content\/uploads\/2025\/06\/25-06-26-Logos-web-VIOLETA7.png\" alt=\"\" \/>\n\t\t\t\t\t\t\t<img decoding=\"async\" itemprop=\"image\" class=\"edgtf-cc-hover-image\" src=\"https:\/\/www.pa-ta-ta.com\/wp-content\/uploads\/2025\/06\/25-06-26-Logos-web-VIOLETA7.png\" alt=\"\" \/>\n\t\t\t\t\t<\/a>\n\t<\/div><div class=\"edgtf-cc-item\">\n\t\t\t<a itemprop=\"url\" class=\"edgtf-cc-link edgtf-block-drag-link\" href=\"https:\/\/europagranada.es\/\" target=\"_blank\">\n\t\t\t\t\t\t<img decoding=\"async\" itemprop=\"image\" class=\"edgtf-cc-image\" src=\"https:\/\/www.pa-ta-ta.com\/wp-content\/uploads\/2025\/06\/25-06-26-Logos-web-VIOLETA8.png\" alt=\"\" \/>\n\t\t\t\t\t\t\t<img decoding=\"async\" itemprop=\"image\" class=\"edgtf-cc-hover-image\" src=\"https:\/\/www.pa-ta-ta.com\/wp-content\/uploads\/2025\/06\/25-06-26-Logos-web-VIOLETA8.png\" alt=\"\" \/>\n\t\t\t\t\t<\/a>\n\t<\/div><div class=\"edgtf-cc-item\">\n\t\t\t<a itemprop=\"url\" class=\"edgtf-cc-link edgtf-block-drag-link\" href=\"https:\/\/www.dsca.gob.es\/es\" target=\"_blank\">\n\t\t\t\t\t\t<img decoding=\"async\" itemprop=\"image\" class=\"edgtf-cc-image\" src=\"https:\/\/www.pa-ta-ta.com\/wp-content\/uploads\/2025\/06\/25-06-26-Logos-web-VIOLETA9.png\" alt=\"\" \/>\n\t\t\t\t\t\t\t<img decoding=\"async\" itemprop=\"image\" class=\"edgtf-cc-hover-image\" src=\"https:\/\/www.pa-ta-ta.com\/wp-content\/uploads\/2025\/06\/25-06-26-Logos-web-VIOLETA9.png\" alt=\"\" \/>\n\t\t\t\t\t<\/a>\n\t<\/div><div class=\"edgtf-cc-item\">\n\t\t\t<a itemprop=\"url\" class=\"edgtf-cc-link edgtf-block-drag-link\" href=\"https:\/\/tupuntoendesa.es\/?sem=gad:prd:sem:eees:rtl:eng:gsrc:cpc:bf:na:na:ext-ropo:ctp:na:na:na:txt:exstk:na:na::mtd:::oficina%20endesa:&#038;gclsrc=aw.ds&#038;gad_source=1&#038;gad_campaignid=20923975128&#038;gbraid=0AAAAACrAby3CRJM5ZNLEtoCNMZZq4D383&#038;gclid=Cj0KCQjwpf7CBhCfARIsANIETVru-sJVV3A-byaFN2K2C2T0g_bpRY6Cn8anTSA2S3GcZvDBcPZ3YToaAl_REALw_wcB#mapa\" target=\"_blank\">\n\t\t\t\t\t\t<img decoding=\"async\" itemprop=\"image\" class=\"edgtf-cc-image\" src=\"https:\/\/www.pa-ta-ta.com\/wp-content\/uploads\/2025\/06\/25-06-26-Logos-web-VIOLETA10.png\" alt=\"\" \/>\n\t\t\t\t\t\t\t<img decoding=\"async\" itemprop=\"image\" class=\"edgtf-cc-hover-image\" src=\"https:\/\/www.pa-ta-ta.com\/wp-content\/uploads\/2025\/06\/25-06-26-Logos-web-VIOLETA10.png\" alt=\"\" \/>\n\t\t\t\t\t<\/a>\n\t<\/div><div class=\"edgtf-cc-item\">\n\t\t\t<a itemprop=\"url\" class=\"edgtf-cc-link edgtf-block-drag-link\" href=\"https:\/\/www.rutadelveleta.com\/\" target=\"_blank\">\n\t\t\t\t\t\t<img decoding=\"async\" itemprop=\"image\" class=\"edgtf-cc-image\" src=\"https:\/\/www.pa-ta-ta.com\/wp-content\/uploads\/2025\/06\/25-06-26-Logos-web-VIOLETA11.png\" alt=\"\" \/>\n\t\t\t\t\t\t\t<img decoding=\"async\" itemprop=\"image\" class=\"edgtf-cc-hover-image\" src=\"https:\/\/www.pa-ta-ta.com\/wp-content\/uploads\/2025\/06\/25-06-26-Logos-web-VIOLETA11.png\" alt=\"\" \/>\n\t\t\t\t\t<\/a>\n\t<\/div><div class=\"edgtf-cc-item\">\n\t\t\t<a itemprop=\"url\" class=\"edgtf-cc-link edgtf-block-drag-link\" href=\"https:\/\/carmencitafilmlab.com\/es\/?srsltid=AfmBOorlo9BV8ZA2p317-c_wiXac8BxzsIOmTW89EeiPtXBgJ5CR95Lz\" target=\"_blank\">\n\t\t\t\t\t\t<img decoding=\"async\" itemprop=\"image\" class=\"edgtf-cc-image\" src=\"https:\/\/www.pa-ta-ta.com\/wp-content\/uploads\/2025\/11\/25-06-26-Logos-web-VIOLETA14.png\" alt=\"\" \/>\n\t\t\t\t\t\t\t<img decoding=\"async\" itemprop=\"image\" class=\"edgtf-cc-hover-image\" src=\"https:\/\/www.pa-ta-ta.com\/wp-content\/uploads\/2025\/11\/25-06-26-Logos-web-VIOLETA14.png\" alt=\"\" \/>\n\t\t\t\t\t<\/a>\n\t<\/div>\t<\/div>\n<\/div>[\/vc_column][\/vc_row][vc_row][vc_column]<div class=\"edgtf-elements-holder   edgtf-one-column  edgtf-responsive-mode-768 \" ><div class=\"edgtf-eh-item   edgtf-horizontal-alignment-center \"  data-item-class=\"edgtf-eh-custom-4960\" data-1280-1600=\"116px 0% 46px 0%\" data-1024-1280=\"100px 0% 46px 0%\" data-768-1024=\"111px 0% 46px 0%\" data-680-768=\"106px 0% 46px 0%\" data-680=\"63px 0% 46px 0%\">\n\t<div class=\"edgtf-eh-item-inner\">\n\t\t<div class=\"edgtf-eh-item-content edgtf-eh-custom-4960\" style=\"padding: 165px 0% 46px 0%\">\n\t\t\t    <span class=\"edgtf-icon-shortcode edgtf-normal   \" style=\"margin: 0px 20px 0px 0px\" data-hover-color=\"#7D28F0\" data-color=\"#7D28F0\">\n                    <a itemprop=\"url\" class=\"\" href=\"https:\/\/www.instagram.com\/pa_ta_ta_festival\/\" target=\"_blank\">\n                    <i class=\"edgtf-icon-ion-icon ion-social-instagram edgtf-icon-element\" style=\"color: #7D28F0;font-size:40px\" ><\/i>                    <\/a>\n            <\/span>\n    <span class=\"edgtf-icon-shortcode edgtf-normal   \" style=\"margin: 0px 20px 0px 0px\" data-hover-color=\"#7D28F0\" data-color=\"#7D28F0\">\n                    <a itemprop=\"url\" class=\"\" href=\"https:\/\/www.facebook.com\/patatafestival\/\" target=\"_blank\">\n                    <i class=\"edgtf-icon-ion-icon ion-social-facebook edgtf-icon-element\" style=\"color: #7D28F0;font-size:40px\" ><\/i>                    <\/a>\n            <\/span>\n\t\t<\/div>\n\t<\/div>\n<\/div><\/div>[\/vc_column][\/vc_row][\/vc_section]<\/p>\n<\/div>","protected":false},"excerpt":{"rendered":"<p>[vc_section][vc_row parallax_background_image=\u00bb1043&#8243; parallax_bg_speed=\u00bb0&#8243;][vc_column][\/vc_column][\/vc_row][vc_row css=\u00bb.vc_custom_1751279100842{background-position: 0 0 !important;background-repeat: repeat !important;}\u00bb][vc_column css=\u00bb.vc_custom_1751073437769{background-position: [&hellip;]<\/p>\n","protected":false},"author":1,"featured_media":0,"parent":0,"menu_order":0,"comment_status":"closed","ping_status":"closed","template":"","meta":{"footnotes":""},"class_list":["post-16358","page","type-page","status-publish","hentry"],"_links":{"self":[{"href":"https:\/\/www.pa-ta-ta.com\/index.php\/wp-json\/wp\/v2\/pages\/16358","targetHints":{"allow":["GET"]}}],"collection":[{"href":"https:\/\/www.pa-ta-ta.com\/index.php\/wp-json\/wp\/v2\/pages"}],"about":[{"href":"https:\/\/www.pa-ta-ta.com\/index.php\/wp-json\/wp\/v2\/types\/page"}],"author":[{"embeddable":true,"href":"https:\/\/www.pa-ta-ta.com\/index.php\/wp-json\/wp\/v2\/users\/1"}],"replies":[{"embeddable":true,"href":"https:\/\/www.pa-ta-ta.com\/index.php\/wp-json\/wp\/v2\/comments?post=16358"}],"version-history":[{"count":175,"href":"https:\/\/www.pa-ta-ta.com\/index.php\/wp-json\/wp\/v2\/pages\/16358\/revisions"}],"predecessor-version":[{"id":18100,"href":"https:\/\/www.pa-ta-ta.com\/index.php\/wp-json\/wp\/v2\/pages\/16358\/revisions\/18100"}],"wp:attachment":[{"href":"https:\/\/www.pa-ta-ta.com\/index.php\/wp-json\/wp\/v2\/media?parent=16358"}],"curies":[{"name":"wp","href":"https:\/\/api.w.org\/{rel}","templated":true}]}}